{"id":18,"date":"2020-01-29T12:34:46","date_gmt":"2020-01-29T12:34:46","guid":{"rendered":"https:\/\/museoemelec.ec\/?page_id=18"},"modified":"2020-02-05T23:30:02","modified_gmt":"2020-02-05T23:30:02","slug":"tricampeonato","status":"publish","type":"page","link":"https:\/\/museoemelec.ec\/index.php\/tricampeonato\/","title":{"rendered":"Tricampeonato"},"content":{"rendered":"\n\t<section class=\"section\" id=\"section_1751310886\">\n\t\t<div class=\"bg section-bg fill bg-fill  bg-loaded\" >\n\n\t\t\t\n\t\t\t\n\t\t\t\n\n\t\t<\/div>\n\n\t\t\n\n\t\t<div class=\"section-content relative\">\n\t\t\t\n\n<div class=\"row\"  id=\"row-1630349752\">\n\n\n\t<div id=\"col-201433119\" class=\"col small-12 large-12\"  >\n\t\t\t\t<div class=\"col-inner text-center\"  >\n\t\t\t\n\t\t\t\n\n<h1>EMELEC Y SU TRICAMPEONATO VIGENTE<\/h1>\n<h6 class=\"thin-font uppercase\"><span style=\"font-size: 80%;\">2013-2014-2015<\/span><\/h6>\n\n\t\t<\/div>\n\t\t\t\t\t<\/div>\n\n\t\n\n<\/div>\n<div class=\"row align-center\"  id=\"row-961040422\">\n\n\n\t<div id=\"col-1488538488\" class=\"col medium-10 small-12 large-10\"  >\n\t\t\t\t<div class=\"col-inner\"  >\n\t\t\t\n\t\t\t\n\n<p style=\"text-align: justify;\">En los \u00faltimos d\u00edas de enero 2013 comenz\u00f3 la Serie A del campeonato ecuatoriano con 12 equipos que se lanzaron a la meta de buscar el t\u00edtulo. Desde las primeras jornadas se pudo advertir el gran desempe\u00f1o del Club Sport Emelec, que estabiliz\u00f3 un conjunto al mando estrat\u00e9gico del argentino-boliviano Gustavo Quinteros. El Bombillo pese a tener un a\u00f1o complicado porque jug\u00f3 varios torneos a la vez como la Libertadores y la Sudamericana, m\u00e1s algunas bajas por lesiones y expulsiones; no obstante, el entrenador encontr\u00f3 el equipo ideal para luchar en el plano nacional y hizo realidad el sue\u00f1o de volver al Club campe\u00f3n despu\u00e9s de 11 a\u00f1os de sequ\u00eda de t\u00edtulos.<\/p>\n<p style=\"text-align: justify;\">\u00a0<\/p>\n<p style=\"text-align: justify;\">La campa\u00f1a 2014 estuvo matizada otra vez por la presencia del Club en tres torneos: el Campeonato Ecuatoriano, la Copa Libertadores y la Copa Sudamericana. Emelec\u00a0 comenz\u00f3 la defensa de su t\u00edtulo en el torneo y las cuatro primeras jornadas comenzaron a dibujar el poder\u00edo el\u00e9ctrico sacando cuatro partidos con la valla invicta. Miller Bola\u00f1os, \u00c1ngel Mena y sus compa\u00f1eros llevaron a Emelec a mostrar que era el mejor equipo del 2014 sin discusi\u00f3n. Las finales trajeron el t\u00edtulo en un Cl\u00e1sico del Astillero y una sensacional goleada de 3-0. El pa\u00eds se encendi\u00f3 de azul el\u00e9ctrico.<\/p>\n<p style=\"text-align: justify;\">\u00a0<\/p>\n<p style=\"text-align: justify;\">En el 2015, un a\u00f1o de mucha actividad, Emelec ratific\u00f3 ser el mejor equipo ecuatoriano con destacada actuaci\u00f3n en la primera parte del certamen, luego gan\u00f3 la etapa dos del torneo y as\u00ed fue a disputar el t\u00edtulo con Liga de Quito. Gan\u00f3 en Manab\u00ed y despu\u00e9s logr\u00f3 un hist\u00f3rico empate en Casa Blanca, que por tercera vez lo dej\u00f3 como el monarca del f\u00fatbol ecuatoriano. \u00a1Emelec tricampe\u00f3n!<\/p>\n\n\t\t<\/div>\n\t\t\t\t\t<\/div>\n\n\t\n\n<\/div>\n\n\t\t<\/div>\n\n\t\t\n<style>\n#section_1751310886 {\n  padding-top: 50px;\n  padding-bottom: 50px;\n}\n<\/style>\n\t<\/section>\n\t\n<div class=\"row row-collapse row-full-width\"  id=\"row-2147003832\">\n\n\n\t<div id=\"col-1040520414\" class=\"col small-12 large-12\"  >\n\t\t\t\t<div class=\"col-inner\"  >\n\t\t\t\n\t\t\t\n\n<div class=\"slider-wrapper relative\" id=\"slider-2026517688\" >\n    <div class=\"slider slider-nav-dots-dashes-spaced slider-nav-simple slider-nav-large slider-nav-dark slider-style-focus slider-show-nav\"\n        data-flickity-options='{\n            \"cellAlign\": \"center\",\n            \"imagesLoaded\": true,\n            \"lazyLoad\": 1,\n            \"freeScroll\": false,\n            \"wrapAround\": true,\n            \"autoPlay\": 6000,\n            \"pauseAutoPlayOnHover\" : true,\n            \"prevNextButtons\": true,\n            \"contain\" : true,\n            \"adaptiveHeight\" : true,\n            \"dragThreshold\" : 10,\n            \"percentPosition\": true,\n            \"pageDots\": true,\n            \"rightToLeft\": false,\n            \"draggable\": true,\n            \"selectedAttraction\": 0.1,\n            \"parallax\" : 0,\n            \"friction\": 0.6        }'\n        >\n        \n\n\t<section class=\"section\" id=\"section_1891105717\">\n\t\t<div class=\"bg section-bg fill bg-fill  \" >\n\n\t\t\t\n\t\t\t<div class=\"section-bg-overlay absolute fill\"><\/div>\n\t\t\t\n\n\t\t<\/div>\n\n\t\t\n\n\t\t<div class=\"section-content relative\">\n\t\t\t\n\n\n\t\t<\/div>\n\n\t\t\n<style>\n#section_1891105717 {\n  padding-top: 80px;\n  padding-bottom: 80px;\n  min-height: 450px;\n}\n#section_1891105717 .section-bg-overlay {\n  background-color: rgba(0, 0, 0, 0.13);\n}\n#section_1891105717 .section-bg.bg-loaded {\n  background-image: url(https:\/\/museoemelec.ec\/wp-content\/uploads\/2020\/02\/2013-1.jpg);\n}\n#section_1891105717 .section-bg {\n  background-position: 45% 63%;\n}\n@media (min-width:550px) {\n  #section_1891105717 {\n    min-height: 500px;\n  }\n}\n@media (min-width:850px) {\n  #section_1891105717 {\n    min-height: 550px;\n  }\n}\n<\/style>\n\t<\/section>\n\t\n\t<section class=\"section\" id=\"section_2085474890\">\n\t\t<div class=\"bg section-bg fill bg-fill  \" >\n\n\t\t\t\n\t\t\t<div class=\"section-bg-overlay absolute fill\"><\/div>\n\t\t\t\n\n\t\t<\/div>\n\n\t\t\n\n\t\t<div class=\"section-content relative\">\n\t\t\t\n\n\n\t\t<\/div>\n\n\t\t\n<style>\n#section_2085474890 {\n  padding-top: 80px;\n  padding-bottom: 80px;\n  min-height: 450px;\n}\n#section_2085474890 .section-bg-overlay {\n  background-color: rgba(0, 0, 0, 0.13);\n}\n#section_2085474890 .section-bg.bg-loaded {\n  background-image: url(https:\/\/museoemelec.ec\/wp-content\/uploads\/2020\/02\/2014-1.jpg);\n}\n@media (min-width:550px) {\n  #section_2085474890 {\n    min-height: 500px;\n  }\n}\n@media (min-width:850px) {\n  #section_2085474890 {\n    min-height: 550px;\n  }\n}\n<\/style>\n\t<\/section>\n\t\n\t<section class=\"section\" id=\"section_592994040\">\n\t\t<div class=\"bg section-bg fill bg-fill  \" >\n\n\t\t\t\n\t\t\t<div class=\"section-bg-overlay absolute fill\"><\/div>\n\t\t\t\n\n\t\t<\/div>\n\n\t\t\n\n\t\t<div class=\"section-content relative\">\n\t\t\t\n\n\n\t\t<\/div>\n\n\t\t\n<style>\n#section_592994040 {\n  padding-top: 80px;\n  padding-bottom: 80px;\n  min-height: 450px;\n}\n#section_592994040 .section-bg-overlay {\n  background-color: rgba(0, 0, 0, 0.13);\n}\n#section_592994040 .section-bg.bg-loaded {\n  background-image: url(https:\/\/museoemelec.ec\/wp-content\/uploads\/2020\/02\/2015-1.jpg);\n}\n@media (min-width:550px) {\n  #section_592994040 {\n    min-height: 500px;\n  }\n}\n@media (min-width:850px) {\n  #section_592994040 {\n    min-height: 550px;\n  }\n}\n<\/style>\n\t<\/section>\n\t\n\n     <\/div>\n\n     <div class=\"loading-spin dark large centered\"><\/div>\n\n\t\n<style>\n#slider-2026517688 .flickity-slider > * {\n  max-width: 75%!important;\n}\n<\/style>\n<\/div>\n\n\n\n\t\t<\/div>\n\t\t\t\t\n<style>\n#col-1040520414 > .col-inner {\n  padding: 20px 0px 20px 0px;\n}\n<\/style>\n\t<\/div>\n\n\t\n\n<\/div>\n\n","protected":false},"excerpt":{"rendered":"","protected":false},"author":1,"featured_media":0,"parent":0,"menu_order":0,"comment_status":"closed","ping_status":"closed","template":"","meta":{"footnotes":""},"_links":{"self":[{"href":"https:\/\/museoemelec.ec\/index.php\/wp-json\/wp\/v2\/pages\/18"}],"collection":[{"href":"https:\/\/museoemelec.ec\/index.php\/wp-json\/wp\/v2\/pages"}],"about":[{"href":"https:\/\/museoemelec.ec\/index.php\/wp-json\/wp\/v2\/types\/page"}],"author":[{"embeddable":true,"href":"https:\/\/museoemelec.ec\/index.php\/wp-json\/wp\/v2\/users\/1"}],"replies":[{"embeddable":true,"href":"https:\/\/museoemelec.ec\/index.php\/wp-json\/wp\/v2\/comments?post=18"}],"version-history":[{"count":5,"href":"https:\/\/museoemelec.ec\/index.php\/wp-json\/wp\/v2\/pages\/18\/revisions"}],"predecessor-version":[{"id":246,"href":"https:\/\/museoemelec.ec\/index.php\/wp-json\/wp\/v2\/pages\/18\/revisions\/246"}],"wp:attachment":[{"href":"https:\/\/museoemelec.ec\/index.php\/wp-json\/wp\/v2\/media?parent=18"}],"curies":[{"name":"wp","href":"https:\/\/api.w.org\/{rel}","templated":true}]}}