{"id":12,"date":"2020-01-29T12:33:38","date_gmt":"2020-01-29T12:33:38","guid":{"rendered":"https:\/\/museoemelec.ec\/?page_id=12"},"modified":"2020-02-05T18:47:11","modified_gmt":"2020-02-05T18:47:11","slug":"el-museo","status":"publish","type":"page","link":"https:\/\/museoemelec.ec\/index.php\/el-museo\/","title":{"rendered":"El Museo"},"content":{"rendered":"\n\t<div id=\"gap-1644935772\" class=\"gap-element clearfix\" style=\"display:block; height:auto;\">\n\t\t\n<style>\n#gap-1644935772 {\n  padding-top: 80px;\n}\n<\/style>\n\t<\/div>\n\t\n\n\t<section class=\"section dark has-parallax\" id=\"section_95523008\">\n\t\t<div class=\"bg section-bg fill bg-fill  \" data-parallax-container=\".section\" data-parallax-background data-parallax=\"-4\">\n\n\t\t\t\n\t\t\t\n\t\t\t\n\n\t\t<\/div>\n\n\t\t\n\n\t\t<div class=\"section-content relative\">\n\t\t\t\n\n<div class=\"row\"  id=\"row-1064678727\">\n\n\n\t<div id=\"col-628356570\" class=\"col small-12 large-12\"  >\n\t\t\t\t<div class=\"col-inner\" style=\"background-color:rgba(68, 96, 132, 0.92);\" >\n\t\t\t\n\t\t\t\n\n<div class=\"slider-wrapper relative\" id=\"slider-1510647035\" >\n    <div class=\"slider slider-nav-dots-square slider-nav-simple slider-nav-normal slider-nav-light slider-style-normal\"\n        data-flickity-options='{\n            \"cellAlign\": \"center\",\n            \"imagesLoaded\": true,\n            \"lazyLoad\": 1,\n            \"freeScroll\": false,\n            \"wrapAround\": true,\n            \"autoPlay\": 3000,\n            \"pauseAutoPlayOnHover\" : true,\n            \"prevNextButtons\": true,\n            \"contain\" : true,\n            \"adaptiveHeight\" : true,\n            \"dragThreshold\" : 10,\n            \"percentPosition\": true,\n            \"pageDots\": true,\n            \"rightToLeft\": false,\n            \"draggable\": true,\n            \"selectedAttraction\": 0.1,\n            \"parallax\" : 0,\n            \"friction\": 0.6        }'\n        >\n        \n\n<div class=\"row align-center\"  id=\"row-141985624\">\n\n\n\t<div id=\"col-52810048\" class=\"col medium-10 small-11 large-8\"  >\n\t\t\t\t<div class=\"col-inner text-center\"  >\n\t\t\t\n\t\t\t\n\n\n\t\t<div class=\"icon-box featured-box circle icon-box-center text-center\"  >\n\t\t\t\t\t<div class=\"icon-box-img\" style=\"width: 100px\">\n\t\t\t\t<div class=\"icon\">\n\t\t\t\t\t<div class=\"icon-inner\" >\n\t\t\t\t\t\t<img width=\"300\" height=\"293\" src=\"https:\/\/museoemelec.ec\/wp-content\/uploads\/2020\/02\/17048339-300x293.jpg\" class=\"attachment-medium size-medium\" alt=\"\" decoding=\"async\" loading=\"lazy\" srcset=\"https:\/\/museoemelec.ec\/wp-content\/uploads\/2020\/02\/17048339-300x293.jpg 300w, https:\/\/museoemelec.ec\/wp-content\/uploads\/2020\/02\/17048339-768x749.jpg 768w, https:\/\/museoemelec.ec\/wp-content\/uploads\/2020\/02\/17048339-600x585.jpg 600w, https:\/\/museoemelec.ec\/wp-content\/uploads\/2020\/02\/17048339.jpg 800w\" sizes=\"(max-width: 300px) 100vw, 300px\" \/>\t\t\t\t\t<\/div>\n\t\t\t\t<\/div>\n\t\t\t<\/div>\n\t\t\t\t<div class=\"icon-box-text last-reset\">\n\t\t\t\t\t\t\t\t\t\n\n<p>En vista de la trascendencia, importancia y todo lo que representa para la comunidad guayaquile\u00f1a y ecuatoriana la historia trazada por el Club Sport Emelec a lo largo de sus fruct\u00edferos a\u00f1os y que es parte indisoluble con Guayaquil, cedi\u00f3 un sitio en Puerto Santa Ana asumiendo costos de producci\u00f3n con la \u00fanica y generosa intenci\u00f3n que el ciudadano, la gente, pueda pasear por esa maravillosa senda de \u00e9xitos que el Club ha labrado para orgullo de la Ciudad y del Ecuador entero.<\/p>\n\n\t\t<\/div>\n\t<\/div>\n\t\n\t\n<div class=\"is-divider divider clearfix\" style=\"height:2px;\"><\/div>\n\n<h6>Ab. Jaime Nebot Saadi<\/h6>\n<p>Ex-Alcalde de Guayaquil<\/p>\n\n\t\t<\/div>\n\t\t\t\t\t<\/div>\n\n\t\n\n<\/div>\n\n     <\/div>\n\n     <div class=\"loading-spin dark large centered\"><\/div>\n\n\t<\/div>\n\n\n\n\t\t<\/div>\n\t\t\t\t\n<style>\n#col-628356570 > .col-inner {\n  padding: 5% 0px 5% 0px;\n  margin: -110px 0px 0px 0px;\n}\n<\/style>\n\t<\/div>\n\n\t\n\n\n<style>\n#row-1064678727 > .col > .col-inner {\n  background-color: rgba(46, 54, 255, 0.66);\n}\n<\/style>\n<\/div>\n\n\t\t<\/div>\n\n\t\t\n<style>\n#section_95523008 {\n  padding-top: 70px;\n  padding-bottom: 70px;\n  background-color: rgb(242, 242, 242);\n}\n#section_95523008 .section-bg.bg-loaded {\n  background-image: url(https:\/\/museoemelec.ec\/wp-content\/uploads\/2020\/01\/img_9693.jpg);\n}\n#section_95523008 .section-bg {\n  background-position: 10% 24%;\n}\n<\/style>\n\t<\/section>\n\t\n\t<section class=\"section\" id=\"section_1729534483\">\n\t\t<div class=\"bg section-bg fill bg-fill  bg-loaded\" >\n\n\t\t\t\n\t\t\t\n\t\t\t\n\n\t\t<\/div>\n\n\t\t\n\n\t\t<div class=\"section-content relative\">\n\t\t\t\n\n  <div class=\"banner-grid-wrapper\">\n  <div id=\"banner-grid-1355209125\" class=\"banner-grid row row-grid row-collapse row-full-width\" data-packery-options=\"\">\n                      \n\n<div class=\"col grid-col small-14 large-4 grid-col-2-3\" data-animate=\"bounceIn\"><div class=\"col-inner\">\n\n\n  <div class=\"banner has-hover has-parallax\" id=\"banner-731208525\">\n          <div class=\"banner-inner fill\">\n        <div class=\"banner-bg fill\" data-parallax=\"-4\" data-parallax-container=\".banner\" data-parallax-background>\n            <div class=\"bg fill bg-fill \"><\/div>\n                                    \n                    <\/div>\n\t\t\n        <div class=\"banner-layers container\">\n            <div class=\"fill banner-link\"><\/div>            \n\n\n        <\/div>\n      <\/div>\n\n            \n<style>\n#banner-731208525 {\n  padding-top: 500px;\n  background-color: rgb(25, 25, 25);\n}\n#banner-731208525 .bg.bg-loaded {\n  background-image: url(https:\/\/museoemelec.ec\/wp-content\/uploads\/2020\/01\/dsc_0036-crop-u25929.jpg);\n}\n<\/style>\n  <\/div>\n\n\n\n<\/div><\/div>\n<div class=\"col grid-col small-13 large-4 grid-col-1-2\" data-animate=\"bounceIn\"><div class=\"col-inner\">\n\n\n  <div class=\"banner has-hover has-parallax\" id=\"banner-1095245371\">\n          <div class=\"banner-inner fill\">\n        <div class=\"banner-bg fill\" data-parallax=\"-4\" data-parallax-container=\".banner\" data-parallax-background>\n            <div class=\"bg fill bg-fill \"><\/div>\n                                    \n                    <\/div>\n\t\t\n        <div class=\"banner-layers container\">\n            <div class=\"fill banner-link\"><\/div>            \n\n\n        <\/div>\n      <\/div>\n\n            \n<style>\n#banner-1095245371 {\n  padding-top: 500px;\n  background-color: rgb(25, 25, 25);\n}\n#banner-1095245371 .bg.bg-loaded {\n  background-image: url(https:\/\/museoemelec.ec\/wp-content\/uploads\/2020\/02\/dsc_0144-crop-u25822.jpg);\n}\n<\/style>\n  <\/div>\n\n\n\n<\/div><\/div>\n<div class=\"col grid-col small-12 large-4 grid-col-2-3\" data-animate=\"bounceIn\"><div class=\"col-inner\">\n\n\n  <div class=\"banner has-hover has-parallax\" id=\"banner-1503647025\">\n          <div class=\"banner-inner fill\">\n        <div class=\"banner-bg fill\" data-parallax=\"-4\" data-parallax-container=\".banner\" data-parallax-background>\n            <div class=\"bg fill bg-fill \"><\/div>\n                                    \n                    <\/div>\n\t\t\n        <div class=\"banner-layers container\">\n            <div class=\"fill banner-link\"><\/div>            \n\n\n        <\/div>\n      <\/div>\n\n            \n<style>\n#banner-1503647025 {\n  padding-top: 500px;\n  background-color: rgb(25, 25, 25);\n}\n#banner-1503647025 .bg.bg-loaded {\n  background-image: url(https:\/\/museoemelec.ec\/wp-content\/uploads\/2020\/02\/dsc_4827.jpg);\n}\n<\/style>\n  <\/div>\n\n\n\n<\/div><\/div>\n<div class=\"col grid-col small-13 large-4 grid-col-2-3\" data-animate=\"bounceIn\"><div class=\"col-inner\">\n\n\n  <div class=\"banner has-hover has-parallax\" id=\"banner-289408719\">\n          <div class=\"banner-inner fill\">\n        <div class=\"banner-bg fill\" data-parallax=\"-4\" data-parallax-container=\".banner\" data-parallax-background>\n            <div class=\"bg fill bg-fill \"><\/div>\n                                    \n                    <\/div>\n\t\t\n        <div class=\"banner-layers container\">\n            <div class=\"fill banner-link\"><\/div>            \n\n\n        <\/div>\n      <\/div>\n\n            \n<style>\n#banner-289408719 {\n  padding-top: 500px;\n  background-color: rgb(25, 25, 25);\n}\n#banner-289408719 .bg.bg-loaded {\n  background-image: url(https:\/\/museoemelec.ec\/wp-content\/uploads\/2020\/02\/dsc_0868.jpg);\n}\n#banner-289408719 .bg {\n  background-position: 0% 1%;\n}\n<\/style>\n  <\/div>\n\n\n\n<\/div><\/div>\n<div class=\"col grid-col small-12 large-4 grid-col-2-3\" data-animate=\"bounceIn\"><div class=\"col-inner\">\n\n\n  <div class=\"banner has-hover has-parallax\" id=\"banner-403373858\">\n          <div class=\"banner-inner fill\">\n        <div class=\"banner-bg fill\" data-parallax=\"-4\" data-parallax-container=\".banner\" data-parallax-background>\n            <div class=\"bg fill bg-fill \"><\/div>\n                                    \n                    <\/div>\n\t\t\n        <div class=\"banner-layers container\">\n            <div class=\"fill banner-link\"><\/div>            \n\n\n        <\/div>\n      <\/div>\n\n            \n<style>\n#banner-403373858 {\n  padding-top: 500px;\n  background-color: rgb(25, 25, 25);\n}\n#banner-403373858 .bg.bg-loaded {\n  background-image: url(https:\/\/museoemelec.ec\/wp-content\/uploads\/2020\/02\/dsc_0824-crop-u6344.jpg);\n}\n<\/style>\n  <\/div>\n\n\n\n<\/div><\/div>\n<div class=\"col grid-col small-15 large-4 grid-col-2-3\" data-animate=\"bounceIn\"><div class=\"col-inner\">\n\n\n  <div class=\"banner has-hover has-parallax\" id=\"banner-510402882\">\n          <div class=\"banner-inner fill\">\n        <div class=\"banner-bg fill\" data-parallax=\"-4\" data-parallax-container=\".banner\" data-parallax-background>\n            <div class=\"bg fill bg-fill \"><\/div>\n                                    \n                    <\/div>\n\t\t\n        <div class=\"banner-layers container\">\n            <div class=\"fill banner-link\"><\/div>            \n\n\n        <\/div>\n      <\/div>\n\n            \n<style>\n#banner-510402882 {\n  padding-top: 500px;\n  background-color: rgb(25, 25, 25);\n}\n#banner-510402882 .bg.bg-loaded {\n  background-image: url(https:\/\/museoemelec.ec\/wp-content\/uploads\/2020\/02\/dsc_0783.jpg);\n}\n<\/style>\n  <\/div>\n\n\n\n<\/div><\/div>\n<div class=\"col grid-col small-14 large-4 grid-col-2-3\" data-animate=\"bounceIn\"><div class=\"col-inner\">\n\n\n  <div class=\"banner has-hover has-parallax\" id=\"banner-1443238965\">\n          <div class=\"banner-inner fill\">\n        <div class=\"banner-bg fill\" data-parallax=\"-4\" data-parallax-container=\".banner\" data-parallax-background>\n            <div class=\"bg fill bg-fill \"><\/div>\n                                    \n                    <\/div>\n\t\t\n        <div class=\"banner-layers container\">\n            <div class=\"fill banner-link\"><\/div>            \n\n\n        <\/div>\n      <\/div>\n\n            \n<style>\n#banner-1443238965 {\n  padding-top: 500px;\n  background-color: rgb(25, 25, 25);\n}\n#banner-1443238965 .bg.bg-loaded {\n  background-image: url(https:\/\/museoemelec.ec\/wp-content\/uploads\/2020\/02\/dsc_0814.jpg);\n}\n<\/style>\n  <\/div>\n\n\n\n<\/div><\/div>\n<div class=\"col grid-col small-12 large-4 grid-col-2-3\" data-animate=\"bounceIn\"><div class=\"col-inner\">\n\n\n  <div class=\"banner has-hover has-parallax\" id=\"banner-1059520218\">\n          <div class=\"banner-inner fill\">\n        <div class=\"banner-bg fill\" data-parallax=\"-4\" data-parallax-container=\".banner\" data-parallax-background>\n            <div class=\"bg fill bg-fill \"><\/div>\n                                    \n                    <\/div>\n\t\t\n        <div class=\"banner-layers container\">\n            <div class=\"fill banner-link\"><\/div>            \n\n\n        <\/div>\n      <\/div>\n\n            \n<style>\n#banner-1059520218 {\n  padding-top: 500px;\n  background-color: rgb(25, 25, 25);\n}\n#banner-1059520218 .bg.bg-loaded {\n  background-image: url(https:\/\/museoemelec.ec\/wp-content\/uploads\/2020\/02\/dsc_0831.jpg);\n}\n#banner-1059520218 .bg {\n  background-position: 23% 22%;\n}\n<\/style>\n  <\/div>\n\n\n\n<\/div><\/div>\n<div class=\"col grid-col small-13 large-4 grid-col-2-3\" data-animate=\"bounceIn\"><div class=\"col-inner\">\n\n\n  <div class=\"banner has-hover has-parallax\" id=\"banner-772427376\">\n          <div class=\"banner-inner fill\">\n        <div class=\"banner-bg fill\" data-parallax=\"-4\" data-parallax-container=\".banner\" data-parallax-background>\n            <div class=\"bg fill bg-fill \"><\/div>\n                                    \n                    <\/div>\n\t\t\n        <div class=\"banner-layers container\">\n            <div class=\"fill banner-link\"><\/div>            \n\n\n        <\/div>\n      <\/div>\n\n            \n<style>\n#banner-772427376 {\n  padding-top: 500px;\n  background-color: rgb(25, 25, 25);\n}\n#banner-772427376 .bg.bg-loaded {\n  background-image: url(https:\/\/museoemelec.ec\/wp-content\/uploads\/2020\/02\/dsc_0692.jpg);\n}\n<\/style>\n  <\/div>\n\n\n\n<\/div><\/div>\n<div class=\"col grid-col small-12 large-4 grid-col-2-3\" data-animate=\"bounceIn\"><div class=\"col-inner\">\n\n\n  <div class=\"banner has-hover has-parallax\" id=\"banner-2026826544\">\n          <div class=\"banner-inner fill\">\n        <div class=\"banner-bg fill\" data-parallax=\"-4\" data-parallax-container=\".banner\" data-parallax-background>\n            <div class=\"bg fill bg-fill \"><\/div>\n                                    \n                    <\/div>\n\t\t\n        <div class=\"banner-layers container\">\n            <div class=\"fill banner-link\"><\/div>            \n\n\n        <\/div>\n      <\/div>\n\n            \n<style>\n#banner-2026826544 {\n  padding-top: 500px;\n  background-color: rgb(25, 25, 25);\n}\n#banner-2026826544 .bg.bg-loaded {\n  background-image: url(https:\/\/museoemelec.ec\/wp-content\/uploads\/2020\/02\/dsc_0043-crop-u25782.jpg);\n}\n#banner-2026826544 .bg {\n  background-position: 0% 32%;\n}\n<\/style>\n  <\/div>\n\n\n\n<\/div><\/div>\n<div class=\"col grid-col small-14 large-4 grid-col-2-3\" data-animate=\"bounceIn\"><div class=\"col-inner\">\n\n\n  <div class=\"banner has-hover has-parallax\" id=\"banner-1086665\">\n          <div class=\"banner-inner fill\">\n        <div class=\"banner-bg fill\" data-parallax=\"-4\" data-parallax-container=\".banner\" data-parallax-background>\n            <div class=\"bg fill bg-fill \"><\/div>\n                                    \n                    <\/div>\n\t\t\n        <div class=\"banner-layers container\">\n            <div class=\"fill banner-link\"><\/div>            \n\n\n        <\/div>\n      <\/div>\n\n            \n<style>\n#banner-1086665 {\n  padding-top: 500px;\n  background-color: rgb(25, 25, 25);\n}\n#banner-1086665 .bg.bg-loaded {\n  background-image: url(https:\/\/museoemelec.ec\/wp-content\/uploads\/2020\/02\/dsc_0023-crop-u25742.jpg);\n}\n<\/style>\n  <\/div>\n\n\n\n<\/div><\/div>\n<div class=\"col grid-col small-12 large-4 grid-col-2-3\" data-animate=\"bounceIn\"><div class=\"col-inner\">\n\n\n  <div class=\"banner has-hover has-parallax\" id=\"banner-267760895\">\n          <div class=\"banner-inner fill\">\n        <div class=\"banner-bg fill\" data-parallax=\"-4\" data-parallax-container=\".banner\" data-parallax-background>\n            <div class=\"bg fill bg-fill \"><\/div>\n                                    \n                    <\/div>\n\t\t\n        <div class=\"banner-layers container\">\n            <div class=\"fill banner-link\"><\/div>            \n\n\n        <\/div>\n      <\/div>\n\n            \n<style>\n#banner-267760895 {\n  padding-top: 500px;\n  background-color: rgb(25, 25, 25);\n}\n#banner-267760895 .bg.bg-loaded {\n  background-image: url(https:\/\/museoemelec.ec\/wp-content\/uploads\/2020\/02\/whatsapp-image-2018-05-10-at-100543-1.jpg);\n}\n<\/style>\n  <\/div>\n\n\n\n<\/div><\/div>\n<div class=\"col grid-col small-13 large-4 grid-col-2-3\" data-animate=\"bounceIn\"><div class=\"col-inner\">\n\n\n  <div class=\"banner has-hover has-parallax\" id=\"banner-282258253\">\n          <div class=\"banner-inner fill\">\n        <div class=\"banner-bg fill\" data-parallax=\"-4\" data-parallax-container=\".banner\" data-parallax-background>\n            <div class=\"bg fill bg-fill \"><\/div>\n                                    \n                    <\/div>\n\t\t\n        <div class=\"banner-layers container\">\n            <div class=\"fill banner-link\"><\/div>            \n\n\n        <\/div>\n      <\/div>\n\n            \n<style>\n#banner-282258253 {\n  padding-top: 500px;\n  background-color: rgb(25, 25, 25);\n}\n#banner-282258253 .bg.bg-loaded {\n  background-image: url(https:\/\/museoemelec.ec\/wp-content\/uploads\/2020\/02\/dsc_0043-crop-u25782.jpg);\n}\n#banner-282258253 .bg {\n  background-position: 66% 100%;\n}\n<\/style>\n  <\/div>\n\n\n\n<\/div><\/div>\n<div class=\"col grid-col small-13 large-4 grid-col-1-2\" data-animate=\"bounceIn\"><div class=\"col-inner\">\n\n\n  <div class=\"banner has-hover has-parallax\" id=\"banner-1564858966\">\n          <div class=\"banner-inner fill\">\n        <div class=\"banner-bg fill\" data-parallax=\"-4\" data-parallax-container=\".banner\" data-parallax-background>\n            <div class=\"bg fill bg-fill \"><\/div>\n                                    \n                    <\/div>\n\t\t\n        <div class=\"banner-layers container\">\n            <div class=\"fill banner-link\"><\/div>            \n\n\n        <\/div>\n      <\/div>\n\n            \n<style>\n#banner-1564858966 {\n  padding-top: 500px;\n  background-color: rgb(25, 25, 25);\n}\n#banner-1564858966 .bg.bg-loaded {\n  background-image: url(https:\/\/museoemelec.ec\/wp-content\/uploads\/2020\/02\/dsc_0026-crop-u25762.jpg);\n}\n#banner-1564858966 .bg {\n  background-position: 0% 24%;\n}\n<\/style>\n  <\/div>\n\n\n\n<\/div><\/div>\n<div class=\"col grid-col small-13 large-4 grid-col-1-2\" data-animate=\"bounceIn\"><div class=\"col-inner\">\n\n\n  <div class=\"banner has-hover has-parallax\" id=\"banner-653909930\">\n          <div class=\"banner-inner fill\">\n        <div class=\"banner-bg fill\" data-parallax=\"-4\" data-parallax-container=\".banner\" data-parallax-background>\n            <div class=\"bg fill bg-fill \"><\/div>\n                                    \n                    <\/div>\n\t\t\n        <div class=\"banner-layers container\">\n            <div class=\"fill banner-link\"><\/div>            \n\n\n        <\/div>\n      <\/div>\n\n            \n<style>\n#banner-653909930 {\n  padding-top: 500px;\n  background-color: rgb(25, 25, 25);\n}\n#banner-653909930 .bg.bg-loaded {\n  background-image: url(https:\/\/museoemelec.ec\/wp-content\/uploads\/2020\/02\/dsc_0026-crop-u25762.jpg);\n}\n#banner-653909930 .bg {\n  background-position: 100% 25%;\n}\n<\/style>\n  <\/div>\n\n\n\n<\/div><\/div>\n\n            <\/div>\n    <style>\n    #banner-grid-1355209125 .grid-col-1{height: 600px}\n    #banner-grid-1355209125 .grid-col-1-2{height: 300px}\n    #banner-grid-1355209125 .grid-col-1-3{height:200px}\n    #banner-grid-1355209125 .grid-col-2-3{height: 400px}\n    #banner-grid-1355209125 .grid-col-1-4{height: 150px}\n    #banner-grid-1355209125 .grid-col-3-4{height: 450px}\n\n\n    \n    \n\n  <\/style>\n    <\/div>\n  \n\n\t\t<\/div>\n\n\t\t\n<style>\n#section_1729534483 {\n  padding-top: 0px;\n  padding-bottom: 0px;\n  background-color: rgb(32, 32, 32);\n}\n<\/style>\n\t<\/section>\n\t\n\t<div class=\"img has-hover x md-x lg-x y md-y lg-y\" id=\"image_174594331\">\n\t\t\t\t\t\t\t\t<div class=\"img-inner image-cover dark\" style=\"padding-top:5%;\">\n\t\t\t<img width=\"1020\" height=\"131\" src=\"https:\/\/museoemelec.ec\/wp-content\/uploads\/2020\/01\/Barras-azules-01-1024x132.png\" class=\"attachment-large size-large\" alt=\"\" decoding=\"async\" loading=\"lazy\" srcset=\"https:\/\/museoemelec.ec\/wp-content\/uploads\/2020\/01\/Barras-azules-01-1024x132.png 1024w, https:\/\/museoemelec.ec\/wp-content\/uploads\/2020\/01\/Barras-azules-01-300x39.png 300w, https:\/\/museoemelec.ec\/wp-content\/uploads\/2020\/01\/Barras-azules-01-768x99.png 768w, https:\/\/museoemelec.ec\/wp-content\/uploads\/2020\/01\/Barras-azules-01-1536x198.png 1536w, https:\/\/museoemelec.ec\/wp-content\/uploads\/2020\/01\/Barras-azules-01-2048x264.png 2048w, https:\/\/museoemelec.ec\/wp-content\/uploads\/2020\/01\/Barras-azules-01-600x77.png 600w\" sizes=\"(max-width: 1020px) 100vw, 1020px\" \/>\t\t\t\t\t\t\n\t\t\t\t\t<\/div>\n\t\t\t\t\t\t\t\t\n<style>\n#image_174594331 {\n  width: 100%;\n}\n<\/style>\n\t<\/div>\n\t\n\n\n","protected":false},"excerpt":{"rendered":"","protected":false},"author":1,"featured_media":0,"parent":0,"menu_order":0,"comment_status":"closed","ping_status":"closed","template":"","meta":{"footnotes":""},"_links":{"self":[{"href":"https:\/\/museoemelec.ec\/index.php\/wp-json\/wp\/v2\/pages\/12"}],"collection":[{"href":"https:\/\/museoemelec.ec\/index.php\/wp-json\/wp\/v2\/pages"}],"about":[{"href":"https:\/\/museoemelec.ec\/index.php\/wp-json\/wp\/v2\/types\/page"}],"author":[{"embeddable":true,"href":"https:\/\/museoemelec.ec\/index.php\/wp-json\/wp\/v2\/users\/1"}],"replies":[{"embeddable":true,"href":"https:\/\/museoemelec.ec\/index.php\/wp-json\/wp\/v2\/comments?post=12"}],"version-history":[{"count":7,"href":"https:\/\/museoemelec.ec\/index.php\/wp-json\/wp\/v2\/pages\/12\/revisions"}],"predecessor-version":[{"id":194,"href":"https:\/\/museoemelec.ec\/index.php\/wp-json\/wp\/v2\/pages\/12\/revisions\/194"}],"wp:attachment":[{"href":"https:\/\/museoemelec.ec\/index.php\/wp-json\/wp\/v2\/media?parent=12"}],"curies":[{"name":"wp","href":"https:\/\/api.w.org\/{rel}","templated":true}]}}